{"id":9,"date":"2022-04-04T17:07:53","date_gmt":"2022-04-04T17:07:53","guid":{"rendered":"http:\/\/web.tecnoavisos.com.co\/?page_id=9"},"modified":"2026-03-29T19:47:24","modified_gmt":"2026-03-29T19:47:24","slug":"refund_returns","status":"publish","type":"page","link":"https:\/\/web.tecnoavisos.com.co\/","title":{"rendered":"INICIO"},"content":{"rendered":"<style>\/*! elementor-pro - v3.6.4 - 15-03-2022 *\/<br \/>\n.elementor-slides .swiper-slide-bg{background-size:cover;background-position:50%;background-repeat:no-repeat;min-width:100%;min-height:100%}.elementor-slides .swiper-slide-inner{background-repeat:no-repeat;background-position:50%;position:absolute;top:0;left:0;bottom:0;right:0;padding:50px;margin:auto}.elementor-slides .swiper-slide-inner,.elementor-slides .swiper-slide-inner:hover{color:#fff;display:-webkit-box;display:-ms-flexbox;display:flex}.elementor-slides .swiper-slide-inner .elementor-background-overlay{position:absolute;z-index:0;top:0;bottom:0;left:0;right:0}.elementor-slides .swiper-slide-inner .elementor-slide-content{position:relative;z-index:1;width:100%}.elementor-slides .swiper-slide-inner .elementor-slide-heading{font-size:35px;font-weight:700;line-height:1}.elementor-slides .swiper-slide-inner .elementor-slide-description{font-size:17px;line-height:1.4}.elementor-slides .swiper-slide-inner .elementor-slide-description:not(:last-child),.elementor-slides .swiper-slide-inner .elementor-slide-heading:not(:last-child){margin-bottom:30px}.elementor-slides .swiper-slide-inner .elementor-slide-button{border:2px solid #fff;color:#fff;background:transparent;display:inline-block}.elementor-slides .swiper-slide-inner .elementor-slide-button,.elementor-slides .swiper-slide-inner .elementor-slide-button:hover{background:transparent;color:inherit;text-decoration:none}.elementor--v-position-top .swiper-slide-inner{-webkit-box-align:start;-ms-flex-align:start;align-items:flex-start}.elementor--v-position-bottom .swiper-slide-inner{-webkit-box-align:end;-ms-flex-align:end;align-items:flex-end}.elementor--v-position-middle .swiper-slide-inner{-webkit-box-align:center;-ms-flex-align:center;align-items:center}.elementor--h-position-left .swiper-slide-inner{-webkit-box-pack:start;-ms-flex-pack:start;justify-content:flex-start}.elementor--h-position-right .swiper-slide-inner{-webkit-box-pack:end;-ms-flex-pack:end;justify-content:flex-end}.elementor--h-position-center .swiper-slide-inner{-webkit-box-pack:center;-ms-flex-pack:center;justify-content:center}body.rtl .elementor-widget-slides .elementor-swiper-button-next{left:10px;right:auto}body.rtl .elementor-widget-slides .elementor-swiper-button-prev{right:10px;left:auto}.elementor-slides-wrapper div:not(.swiper-slide)>.swiper-slide-inner{display:none}@media (max-width:767px){.elementor-slides .swiper-slide-inner{padding:30px}.elementor-slides .swiper-slide-inner .elementor-slide-heading{font-size:23px;line-height:1;margin-bottom:15px}.elementor-slides .swiper-slide-inner .elementor-slide-description{font-size:13px;line-height:1.4;margin-bottom:15px}}<\/style>\n<p>EL ARTE DE PROYECTAR SU IMAGEN<br \/>\n<a role=\"button\" href=\"https:\/\/web.tecnoavisos.com.co\/index.php\/contacto-2\/\"><br \/>\nCotizar<br \/>\n<\/a><\/p>\n<figure><img fetchpriority=\"high\" decoding=\"async\" src=\"http:\/\/web.tecnoavisos.com.co\/wp-content\/uploads\/2022\/04\/y8a7264-300x200.jpg\" sizes=\"100vw\" srcset=\"https:\/\/web.tecnoavisos.com.co\/wp-content\/uploads\/2022\/04\/y8a7264-300x200.jpg 300w, https:\/\/web.tecnoavisos.com.co\/wp-content\/uploads\/2022\/04\/y8a7264-768x512.jpg 768w, https:\/\/web.tecnoavisos.com.co\/wp-content\/uploads\/2022\/04\/y8a7264-600x400.jpg 600w, https:\/\/web.tecnoavisos.com.co\/wp-content\/uploads\/2022\/04\/y8a7264.jpg 800w\" alt=\"\" width=\"300\" height=\"200\" \/><\/figure>\n<h2>Impresi\u00f3n Digital Ecol\u00f3gica<\/h2>\n<p>Impresi\u00f3n de substratos<br \/>\nflexibles y r\u00edgidos\u00a0<em>(banner, vinilo, microperforado, floorgraphics,<\/em><br \/>\n<em>acr\u00edlico, mdf, madera, etc)<\/em><br \/>\ncon la mejor resoluci\u00f3n<br \/>\ndel mercado. Desde una<br \/>\ntarjeta de presentaci\u00f3n<br \/>\nhasta una valla exterior.<\/p>\n<figure><img decoding=\"async\" src=\"http:\/\/web.tecnoavisos.com.co\/wp-content\/uploads\/2022\/04\/led.jpg\" sizes=\"100vw\" srcset=\"https:\/\/web.tecnoavisos.com.co\/wp-content\/uploads\/2022\/04\/led.jpg 900w, https:\/\/web.tecnoavisos.com.co\/wp-content\/uploads\/2022\/04\/led-300x177.jpg 300w, https:\/\/web.tecnoavisos.com.co\/wp-content\/uploads\/2022\/04\/led-768x453.jpg 768w, https:\/\/web.tecnoavisos.com.co\/wp-content\/uploads\/2022\/04\/led-600x354.jpg 600w\" alt=\"\" width=\"900\" height=\"531\" \/><\/figure>\n<h2>Iluminaci\u00f3n Tipo Led\u200b<\/h2>\n<p>Elaborados en acr\u00edlico 100%<br \/>\nmon\u00f3mero, garant\u00eda<br \/>\nal exterior de 10 a\u00f1os,<br \/>\niluminaci\u00f3n ecol\u00f3gica tipo<br \/>\nled con bajo consumo de energ\u00eda<br \/>\n(12 &#8211; 24 voltios), resistente al<br \/>\nagua, libre de mantenimiento<br \/>\npor 50.000 horas<br \/>\no 5<br \/>\na\u00f1os de garant\u00eda.<\/p>\n<figure><img decoding=\"async\" src=\"http:\/\/web.tecnoavisos.com.co\/wp-content\/uploads\/2022\/04\/obras-artisticas-768x453.jpg\" sizes=\"100vw\" srcset=\"https:\/\/web.tecnoavisos.com.co\/wp-content\/uploads\/2022\/04\/obras-artisticas-768x453.jpg 768w, https:\/\/web.tecnoavisos.com.co\/wp-content\/uploads\/2022\/04\/obras-artisticas-300x177.jpg 300w, https:\/\/web.tecnoavisos.com.co\/wp-content\/uploads\/2022\/04\/obras-artisticas-600x354.jpg 600w, https:\/\/web.tecnoavisos.com.co\/wp-content\/uploads\/2022\/04\/obras-artisticas.jpg 900w\" alt=\"\" width=\"768\" height=\"453\" \/><\/figure>\n<h2>Reproducci\u00f3n de obras art\u00edsticas\u200b<\/h2>\n<p>Obras de arte impresas digitalmente sobre lienzos y con tintas<br \/>\necol\u00f3gicas. Impresi\u00f3n digital<br \/>\nsobre material. Elevados niveles<br \/>\nde adhesi\u00f3n, alta durabilidad y<br \/>\ncalidad fotogr\u00e1fica sobre cart\u00f3n, pl\u00e1sticos, paneles de aluminio,<br \/>\nvidrio, cer\u00e1mica, madera y otros.<\/p>\n<figure><img loading=\"lazy\" decoding=\"async\" src=\"http:\/\/web.tecnoavisos.com.co\/wp-content\/uploads\/2022\/04\/Subway-Mantenimiento.jpg\" sizes=\"100vw\" srcset=\"https:\/\/web.tecnoavisos.com.co\/wp-content\/uploads\/2022\/04\/Subway-Mantenimiento.jpg 900w, https:\/\/web.tecnoavisos.com.co\/wp-content\/uploads\/2022\/04\/Subway-Mantenimiento-300x177.jpg 300w, https:\/\/web.tecnoavisos.com.co\/wp-content\/uploads\/2022\/04\/Subway-Mantenimiento-768x453.jpg 768w, https:\/\/web.tecnoavisos.com.co\/wp-content\/uploads\/2022\/04\/Subway-Mantenimiento-600x354.jpg 600w\" alt=\"\" width=\"900\" height=\"531\" \/><\/figure>\n<h2>Mantenimiento de Avisos exteriores\u200b<\/h2>\n<p>Personal experto e id\u00f3neo<br \/>\nen todo el proceso<br \/>\nde manufactura de avisos<br \/>\ne instalaci\u00f3n, capacitados<br \/>\ny certificados para trabajo<br \/>\nseguro enalturas.<\/p>\n<figure><img loading=\"lazy\" decoding=\"async\" src=\"http:\/\/web.tecnoavisos.com.co\/wp-content\/uploads\/2022\/04\/senalizacion-comercial.jpg\" sizes=\"100vw\" srcset=\"https:\/\/web.tecnoavisos.com.co\/wp-content\/uploads\/2022\/04\/senalizacion-comercial.jpg 900w, https:\/\/web.tecnoavisos.com.co\/wp-content\/uploads\/2022\/04\/senalizacion-comercial-300x177.jpg 300w, https:\/\/web.tecnoavisos.com.co\/wp-content\/uploads\/2022\/04\/senalizacion-comercial-768x453.jpg 768w, https:\/\/web.tecnoavisos.com.co\/wp-content\/uploads\/2022\/04\/senalizacion-comercial-600x354.jpg 600w\" alt=\"\" width=\"900\" height=\"531\" \/><\/figure>\n<h2>Se\u00f1alizaci\u00f3n Comercial, Vial e Industrial\u200b<\/h2>\n<p>Diversidad de sustratos,<br \/>\nacr\u00edlicos, materiales, compuestos,<br \/>\nAlucobond, Sintra, E-PVC,<br \/>\nFoam Board y otros.<br \/>\nSe\u00f1alizaci\u00f3n comercial, industrial ,<br \/>\nbancaria , hospitalaria<br \/>\ny se\u00f1ales de Tr\u00e1nsito<br \/>\n(Preventivas \u2013 Reglamentarias)<\/p>\n<figure><img loading=\"lazy\" decoding=\"async\" src=\"http:\/\/web.tecnoavisos.com.co\/wp-content\/uploads\/2022\/04\/estructuras-especiales.jpg\" sizes=\"100vw\" srcset=\"https:\/\/web.tecnoavisos.com.co\/wp-content\/uploads\/2022\/04\/estructuras-especiales.jpg 900w, https:\/\/web.tecnoavisos.com.co\/wp-content\/uploads\/2022\/04\/estructuras-especiales-300x177.jpg 300w, https:\/\/web.tecnoavisos.com.co\/wp-content\/uploads\/2022\/04\/estructuras-especiales-768x453.jpg 768w, https:\/\/web.tecnoavisos.com.co\/wp-content\/uploads\/2022\/04\/estructuras-especiales-600x354.jpg 600w\" alt=\"\" width=\"900\" height=\"531\" \/><\/figure>\n<h2>Estructuras Especiales\u200b<\/h2>\n<p>Estructuras a la medida<br \/>\ncon formas \u00fanicas en el mercado<br \/>\nque se ajustan exclusivamente<br \/>\na sus necesidades,<br \/>\nuna forma diferente de publicitar<br \/>\ncada uno de sus productos,<br \/>\ncon formas y dise\u00f1os<br \/>\ndin\u00e1micos de excelente acabado.<\/p>\n<figure><img loading=\"lazy\" decoding=\"async\" src=\"http:\/\/web.tecnoavisos.com.co\/wp-content\/uploads\/2022\/04\/3d.jpg\" sizes=\"100vw\" srcset=\"https:\/\/web.tecnoavisos.com.co\/wp-content\/uploads\/2022\/04\/3d.jpg 900w, https:\/\/web.tecnoavisos.com.co\/wp-content\/uploads\/2022\/04\/3d-300x177.jpg 300w, https:\/\/web.tecnoavisos.com.co\/wp-content\/uploads\/2022\/04\/3d-768x453.jpg 768w, https:\/\/web.tecnoavisos.com.co\/wp-content\/uploads\/2022\/04\/3d-600x354.jpg 600w\" alt=\"\" width=\"900\" height=\"531\" \/><\/figure>\n<h2>Avisos en 3D\u200b<\/h2>\n<p>Impresi\u00f3n en tercera dimensi\u00f3n<br \/>\nque permite transformar<br \/>\nuna impresi\u00f3n est\u00e1tica<br \/>\nen un medio din\u00e1mico,<br \/>\ninteractivo y de alta recordaci\u00f3n.<\/p>\n<figure><img loading=\"lazy\" decoding=\"async\" src=\"http:\/\/web.tecnoavisos.com.co\/wp-content\/uploads\/2022\/04\/vehicular.jpg\" sizes=\"100vw\" srcset=\"https:\/\/web.tecnoavisos.com.co\/wp-content\/uploads\/2022\/04\/vehicular.jpg 900w, https:\/\/web.tecnoavisos.com.co\/wp-content\/uploads\/2022\/04\/vehicular-300x177.jpg 300w, https:\/\/web.tecnoavisos.com.co\/wp-content\/uploads\/2022\/04\/vehicular-768x453.jpg 768w, https:\/\/web.tecnoavisos.com.co\/wp-content\/uploads\/2022\/04\/vehicular-600x354.jpg 600w\" alt=\"\" width=\"900\" height=\"531\" \/><\/figure>\n<h2>Decoraci\u00f3n Vehicular\u200b<\/h2>\n<p>Pel\u00edculas autoadhesivas<br \/>\n(3M, LG, AVERY, ARLON)<br \/>\ny banners impresos<br \/>\ndigitalmente a la mejor<br \/>\nresoluci\u00f3n del mercado.<\/p>\n<style>\/*! elementor - v3.6.2 - 04-04-2022 *\/<br \/>\n.elementor-heading-title{padding:0;margin:0;line-height:1}.elementor-widget-heading .elementor-heading-title[class*=elementor-size-]>a{color:inherit;font-size:inherit;line-height:inherit}.elementor-widget-heading .elementor-heading-title.elementor-size-small{font-size:15px}.elementor-widget-heading .elementor-heading-title.elementor-size-medium{font-size:19px}.elementor-widget-heading .elementor-heading-title.elementor-size-large{font-size:29px}.elementor-widget-heading .elementor-heading-title.elementor-size-xl{font-size:39px}.elementor-widget-heading .elementor-heading-title.elementor-size-xxl{font-size:59px}<\/style>\n<h2>Contamos con una extensa lista de clientes satisfechos:<\/h2>\n<p><img decoding=\"async\" src=\"http:\/\/web.tecnoavisos.com.co\/wp-content\/uploads\/2022\/04\/Subway-768x480.jpg\" alt=\"\" \/><br \/>\n<img decoding=\"async\" src=\"http:\/\/web.tecnoavisos.com.co\/wp-content\/uploads\/2022\/04\/Pepe-Ganga-768x480.jpg\" alt=\"\" \/><br \/>\n<img decoding=\"async\" src=\"http:\/\/web.tecnoavisos.com.co\/wp-content\/uploads\/2022\/04\/Papa-Jhons-768x480.jpg\" alt=\"\" \/><br \/>\n<img decoding=\"async\" src=\"http:\/\/web.tecnoavisos.com.co\/wp-content\/uploads\/2022\/04\/Nueva-Eps-768x480.jpg\" alt=\"\" \/><br \/>\n<img decoding=\"async\" src=\"http:\/\/web.tecnoavisos.com.co\/wp-content\/uploads\/2022\/04\/Lafayette-768x480.jpg\" alt=\"\" \/><br \/>\n<img decoding=\"async\" src=\"http:\/\/web.tecnoavisos.com.co\/wp-content\/uploads\/2022\/04\/Kokoriko-768x480.jpg\" alt=\"\" \/><br \/>\n<img decoding=\"async\" src=\"http:\/\/web.tecnoavisos.com.co\/wp-content\/uploads\/2022\/04\/Coratiendas-768x480.jpg\" alt=\"\" \/><br \/>\n<img decoding=\"async\" src=\"http:\/\/web.tecnoavisos.com.co\/wp-content\/uploads\/2022\/04\/CityDent-768x480.jpg\" alt=\"\" \/><br \/>\n<img decoding=\"async\" src=\"http:\/\/web.tecnoavisos.com.co\/wp-content\/uploads\/2022\/04\/Bb-ganga-768x480.jpg\" alt=\"\" \/><br \/>\n<img decoding=\"async\" src=\"http:\/\/web.tecnoavisos.com.co\/wp-content\/uploads\/2022\/04\/Archies-768x480.jpg\" alt=\"\" \/><br \/>\n<img decoding=\"async\" src=\"http:\/\/web.tecnoavisos.com.co\/wp-content\/uploads\/2022\/04\/Algarra-768x480.jpg\" alt=\"\" \/><br \/>\n<button type=\"button\"><\/button><br \/>\n<button type=\"button\"><\/button><\/p>\n<h4>Cont\u00e1ctanos<\/h4>\n<p>Cel: 3160234614\u00a0 &#8211; 3168777031 &#8211; Tel: (601) 2697450<\/p>\n<h4>Encu\u00e9ntranos<\/h4>\n<p>Calle 161A No. 16A-25<\/p>\n<h4>Cotiza<\/h4>\n<p>ventas@tecnoavisos.com.co<br \/>\nservicioalcliente@tecnoavisos.com.co<\/p>\n","protected":false},"excerpt":{"rendered":"<p>EL ARTE DE PROYECTAR SU IMAGEN Cotizar Impresi\u00f3n Digital Ecol\u00f3gica Impresi\u00f3n de substratos flexibles y r\u00edgidos\u00a0(banner, vinilo, microperforado, floorgraphics, acr\u00edlico, mdf, madera, etc) con la mejor resoluci\u00f3n del mercado. Desde una tarjeta de presentaci\u00f3n hasta una valla exterior. Iluminaci\u00f3n Tipo Led\u200b Elaborados en acr\u00edlico 100% mon\u00f3mero, garant\u00eda al exterior de 10 a\u00f1os, iluminaci\u00f3n ecol\u00f3gica tipo &hellip; <\/p>\n<p class=\"link-more\"><a href=\"https:\/\/web.tecnoavisos.com.co\/\" class=\"more-link\">Leer m\u00e1s<span class=\"screen-reader-text\"> \u00abINICIO\u00bb<\/span><\/a><\/p>\n","protected":false},"author":1,"featured_media":0,"parent":0,"menu_order":0,"comment_status":"closed","ping_status":"closed","template":"","meta":{"footnotes":""},"class_list":["post-9","page","type-page","status-publish","hentry"],"featured_media_urls":[],"_links":{"self":[{"href":"https:\/\/web.tecnoavisos.com.co\/index.php\/wp-json\/wp\/v2\/pages\/9","targetHints":{"allow":["GET"]}}],"collection":[{"href":"https:\/\/web.tecnoavisos.com.co\/index.php\/wp-json\/wp\/v2\/pages"}],"about":[{"href":"https:\/\/web.tecnoavisos.com.co\/index.php\/wp-json\/wp\/v2\/types\/page"}],"author":[{"embeddable":true,"href":"https:\/\/web.tecnoavisos.com.co\/index.php\/wp-json\/wp\/v2\/users\/1"}],"replies":[{"embeddable":true,"href":"https:\/\/web.tecnoavisos.com.co\/index.php\/wp-json\/wp\/v2\/comments?post=9"}],"version-history":[{"count":713,"href":"https:\/\/web.tecnoavisos.com.co\/index.php\/wp-json\/wp\/v2\/pages\/9\/revisions"}],"predecessor-version":[{"id":4063,"href":"https:\/\/web.tecnoavisos.com.co\/index.php\/wp-json\/wp\/v2\/pages\/9\/revisions\/4063"}],"wp:attachment":[{"href":"https:\/\/web.tecnoavisos.com.co\/index.php\/wp-json\/wp\/v2\/media?parent=9"}],"curies":[{"name":"wp","href":"https:\/\/api.w.org\/{rel}","templated":true}]}}